{"id":1254,"date":"2025-11-21T00:56:23","date_gmt":"2025-11-21T00:56:23","guid":{"rendered":"https:\/\/promotionrelease.com\/privacy-policy\/"},"modified":"2025-11-21T04:07:47","modified_gmt":"2025-11-21T04:07:47","slug":"privacy-policy","status":"publish","type":"page","link":"https:\/\/promotionrelease.com\/es\/privacy-policy\/","title":{"rendered":"Pol\u00edtica de privacidad"},"content":{"rendered":"<div data-elementor-type=\"wp-page\" data-elementor-id=\"1254\" class=\"elementor elementor-1254\" data-elementor-post-type=\"page\">\n\t\t\t\t<div class=\"elementor-element elementor-element-45bcde7e e-flex e-con-boxed e-con e-parent\" data-id=\"45bcde7e\" data-element_type=\"container\">\n\t\t\t\t\t<div class=\"e-con-inner\">\n\t\t\t\t<div class=\"elementor-element elementor-element-271db96b elementor-widget elementor-widget-text-editor\" data-id=\"271db96b\" data-element_type=\"widget\" data-widget_type=\"text-editor.default\">\n\t\t\t\t\t\t\t\t\t\u00daltima actualizaci\u00f3n: 21 de noviembre de 2025\t\t\t\t\t\t\t\t<\/div>\n\t\t\t\t<div class=\"elementor-element elementor-element-2f542821 elementor-widget elementor-widget-text-editor\" data-id=\"2f542821\" data-element_type=\"widget\" data-widget_type=\"text-editor.default\">\n\t\t\t\t\t\t\t\t\t<p class=\"text-muted mb-4 translation-block\">Promotionrelease se compromete a proteger su informaci\u00f3n personal y a garantizar una experiencia de navegaci\u00f3n segura. Dedique unos minutos a leer esta Pol\u00edtica de privacidad para comprender c\u00f3mo recopilamos, utilizamos y protegemos sus datos cuando visita o interact\u00faa con <span style=\"color: #000000\"><strong>Promotionrelease.com<\/strong><\/span>.<\/p><h4 class=\"fw-semibold text-dark mb-2\">1. Datos personales<\/h4><p class=\"text-muted mb-4\">Recopilamos informaci\u00f3n limitada, como su nombre, direcci\u00f3n de correo electr\u00f3nico y preferencias, cuando se registra o se suscribe a nuestro bolet\u00edn informativo. Esto nos ayuda a personalizar las ofertas y actualizaciones para usted. Su informaci\u00f3n nunca se vende ni se comparte con anunciantes externos.<\/p><h4 class=\"fw-semibold text-dark mb-2\">2. Datos de uso y an\u00e1lisis<\/h4><p class=\"text-muted mb-4\">Nuestro sistema puede recopilar autom\u00e1ticamente informaci\u00f3n no identificable, como el tipo de navegador, los detalles del dispositivo, la direcci\u00f3n IP y las p\u00e1ginas visitadas. Esto nos ayuda a analizar el rendimiento del sitio y mejorar la experiencia del usuario. Los datos recopilados se utilizan \u00fanicamente para an\u00e1lisis internos y supervisi\u00f3n de la seguridad.<\/p><h4 class=\"fw-semibold text-dark mb-2\">3. Cookies<\/h4><p class=\"text-muted mb-4\">Promotionrelease utiliza cookies para mejorar su experiencia, recordar sus preferencias y medir su nivel de interacci\u00f3n. Puede desactivar las cookies en la configuraci\u00f3n de su navegador, pero es posible que algunas funciones de nuestro sitio web no funcionen correctamente sin ellas.<\/p><h4 class=\"fw-semibold text-dark mb-2\">4. Boletines informativos y alertas de ofertas<\/h4><p class=\"text-muted mb-4\">Cuando te suscribes a nuestros boletines informativos, es posible que te enviemos actualizaciones sobre nuevos cupones, ofertas y promociones de tendencia. Puedes darte de baja en cualquier momento haciendo clic en \u00abCancelar suscripci\u00f3n\u00bb en cualquier correo electr\u00f3nico o actualizando tus preferencias en la configuraci\u00f3n de tu cuenta.<\/p><h4 class=\"fw-semibold text-dark mb-2\">5. Enlaces de terceros<\/h4><p class=\"text-muted mb-4\">Nuestro sitio web puede contener enlaces a tiendas de terceros o plataformas afiliadas. Tenga en cuenta que Promotionrelease no se hace responsable de sus pr\u00e1cticas de privacidad. Le recomendamos que revise sus pol\u00edticas de privacidad antes de compartir datos personales.<\/p><h4 class=\"fw-semibold text-dark mb-2\">6. Seguridad de los datos<\/h4><p class=\"text-muted mb-4\">Implementamos modernos sistemas de cifrado y medidas de seguridad a nivel de servidor para garantizar que su informaci\u00f3n permanezca confidencial y protegida contra el acceso o la divulgaci\u00f3n no autorizados.<\/p><h4 class=\"fw-semibold text-dark mb-2\">7. Cambios en esta pol\u00edtica<\/h4><p class=\"text-muted mb-4\">Esta Pol\u00edtica de privacidad puede actualizarse peri\u00f3dicamente para reflejar mejoras o cambios normativos. La \u00faltima versi\u00f3n estar\u00e1 siempre disponible en esta p\u00e1gina con la fecha de revisi\u00f3n.<\/p><h4 class=\"fw-semibold text-dark mb-2\">8. Cont\u00e1ctenos<\/h4><p class=\"text-muted\">Si tiene alguna pregunta sobre nuestra Pol\u00edtica de privacidad o nuestras pr\u00e1cticas en materia de datos, p\u00f3ngase en contacto con nuestro equipo de asistencia en <a href=\"mailto:178656865@qq.com\">178656865@qq.com<\/a>.<\/p>\t\t\t\t\t\t\t\t<\/div>\n\t\t\t\t\t<\/div>\n\t\t\t\t<\/div>\n\t\t\t\t<\/div>","protected":false},"excerpt":{"rendered":"<p>Promotionrelease is committed to protecting your personal information and ensuring a safe browsing experience. Please take a few moments to read this Privacy Policy to understand how we collect, use, and safeguard your data when you visit or interact with Promotionrelease.com. 1. Personal Data We collect limited information such as your name, email address, and&#8230;<\/p>","protected":false},"author":1,"featured_media":0,"parent":0,"menu_order":0,"comment_status":"closed","ping_status":"closed","template":"elementor_header_footer","meta":{"_monsterinsights_skip_tracking":false,"_monsterinsights_sitenote_active":false,"_monsterinsights_sitenote_note":"","_monsterinsights_sitenote_category":0,"footnotes":""},"class_list":["post-1254","page","type-page","status-publish","hentry"],"aioseo_notices":[],"_links":{"self":[{"href":"https:\/\/promotionrelease.com\/es\/wp-json\/wp\/v2\/pages\/1254","targetHints":{"allow":["GET"]}}],"collection":[{"href":"https:\/\/promotionrelease.com\/es\/wp-json\/wp\/v2\/pages"}],"about":[{"href":"https:\/\/promotionrelease.com\/es\/wp-json\/wp\/v2\/types\/page"}],"author":[{"embeddable":true,"href":"https:\/\/promotionrelease.com\/es\/wp-json\/wp\/v2\/users\/1"}],"replies":[{"embeddable":true,"href":"https:\/\/promotionrelease.com\/es\/wp-json\/wp\/v2\/comments?post=1254"}],"version-history":[{"count":0,"href":"https:\/\/promotionrelease.com\/es\/wp-json\/wp\/v2\/pages\/1254\/revisions"}],"wp:attachment":[{"href":"https:\/\/promotionrelease.com\/es\/wp-json\/wp\/v2\/media?parent=1254"}],"curies":[{"name":"wp","href":"https:\/\/api.w.org\/{rel}","templated":true}]}}