{"id":1260,"date":"2025-11-21T00:56:26","date_gmt":"2025-11-21T00:56:26","guid":{"rendered":"https:\/\/promotionrelease.com\/about-us\/"},"modified":"2025-12-09T11:42:56","modified_gmt":"2025-12-09T11:42:56","slug":"about-us","status":"publish","type":"page","link":"https:\/\/promotionrelease.com\/es\/about-us\/","title":{"rendered":"Acerca de nosotros"},"content":{"rendered":"<div data-elementor-type=\"wp-page\" data-elementor-id=\"1260\" class=\"elementor elementor-1260\" data-elementor-post-type=\"page\">\n\t\t\t\t<div class=\"elementor-element elementor-element-650f8dc5 e-flex e-con-boxed e-con e-parent\" data-id=\"650f8dc5\" data-element_type=\"container\">\n\t\t\t\t\t<div class=\"e-con-inner\">\n\t\t<div class=\"elementor-element elementor-element-2132e3f0 e-con-full e-flex e-con e-child\" data-id=\"2132e3f0\" data-element_type=\"container\">\n\t\t\t\t<div class=\"elementor-element elementor-element-c1a62a7 elementor-widget elementor-widget-image\" data-id=\"c1a62a7\" data-element_type=\"widget\" data-widget_type=\"image.default\">\n\t\t\t\t\t\t\t\t\t\t\t\t\t\t\t<img fetchpriority=\"high\" decoding=\"async\" width=\"600\" height=\"509\" src=\"https:\/\/promotionrelease.com\/wp-content\/uploads\/2025\/11\/shopping.webp\" class=\"attachment-large size-large wp-image-1261\" alt=\"\" srcset=\"https:\/\/promotionrelease.com\/wp-content\/uploads\/2025\/11\/shopping.webp 600w, https:\/\/promotionrelease.com\/wp-content\/uploads\/2025\/11\/shopping-300x255.webp 300w, https:\/\/promotionrelease.com\/wp-content\/uploads\/2025\/11\/shopping-150x127.webp 150w\" sizes=\"(max-width: 600px) 100vw, 600px\" \/>\t\t\t\t\t\t\t\t\t\t\t\t\t\t\t<\/div>\n\t\t\t\t<\/div>\n\t\t<div class=\"elementor-element elementor-element-24cc4b49 e-con-full e-flex e-con e-child\" data-id=\"24cc4b49\" data-element_type=\"container\">\n\t\t\t\t<div class=\"elementor-element elementor-element-4a721685 elementor-headline--style-highlight elementor-widget elementor-widget-animated-headline\" data-id=\"4a721685\" data-element_type=\"widget\" data-settings=\"{&quot;marker&quot;:&quot;underline&quot;,&quot;highlighted_text&quot;:&quot;Promotionrelease&quot;,&quot;headline_style&quot;:&quot;highlight&quot;,&quot;loop&quot;:&quot;yes&quot;,&quot;highlight_animation_duration&quot;:1200,&quot;highlight_iteration_delay&quot;:8000}\" data-widget_type=\"animated-headline.default\">\n\t\t\t\t\t\t\t<h3 class=\"elementor-headline\">\n\t\t\t\t\t<span class=\"elementor-headline-plain-text elementor-headline-text-wrapper\">Acerca de<\/span>\n\t\t\t\t<span class=\"elementor-headline-dynamic-wrapper elementor-headline-text-wrapper\">\n\t\t\t\t\t<span class=\"elementor-headline-dynamic-text elementor-headline-text-active\">Promotionrelease<\/span>\n\t\t\t\t<\/span>\n\t\t\t\t<\/h3>\n\t\t\t\t\t\t<\/div>\n\t\t\t\t<div class=\"elementor-element elementor-element-42c63db5 elementor-drop-cap-yes elementor-drop-cap-view-default elementor-widget elementor-widget-text-editor\" data-id=\"42c63db5\" data-element_type=\"widget\" data-settings=\"{&quot;drop_cap&quot;:&quot;yes&quot;}\" data-widget_type=\"text-editor.default\">\n\t\t\t\t\t\t\t\t\t<p class=\"text-secondary mb-3\"><strong>Promotionrelease.com<\/strong>\u00a0Ayuda a los compradores a ahorrar m\u00e1s proporcion\u00e1ndoles c\u00f3digos de descuento y rebajas verificados y actualizados diariamente de tiendas de confianza de todo el mundo.<\/p><p class=\"text-secondary mb-3\">Nos centramos en ahorros inteligentes y transparentes: cada oferta que ves ha sido probada y verificada por nuestro equipo. Nuestra misi\u00f3n es sencilla: hacer que las compras online sean gratificantes para todos.<\/p><p class=\"text-secondary mb-4\">Mant\u00e9ngase conectado a trav\u00e9s de nuestro bolet\u00edn informativo y nuestras redes sociales para recibir ofertas de tendencia y descuentos de temporada antes que nadie.<\/p>\t\t\t\t\t\t\t\t<\/div>\n\t\t\t\t<div class=\"elementor-element elementor-element-41972926 elementor-widget elementor-widget-button\" data-id=\"41972926\" data-element_type=\"widget\" data-widget_type=\"button.default\">\n\t\t\t\t\t\t\t\t\t\t<a class=\"elementor-button elementor-button-link elementor-size-sm\" href=\"https:\/\/promotionrelease.com\/es\/contact\/\">\n\t\t\t\t\t\t<span class=\"elementor-button-content-wrapper\">\n\t\t\t\t\t\t\t\t\t<span class=\"elementor-button-text\">P\u00f3ngase en contacto con nosotros<\/span>\n\t\t\t\t\t<\/span>\n\t\t\t\t\t<\/a>\n\t\t\t\t\t\t\t\t<\/div>\n\t\t\t\t<\/div>\n\t\t\t\t\t<\/div>\n\t\t\t\t<\/div>\n\t\t\t\t<\/div>","protected":false},"excerpt":{"rendered":"<p>About Promotionrelease Promotionrelease.com\u00a0helps shoppers save more by providing verified, daily-updated coupon codes and discounts from trusted stores worldwide. We focus on smart, transparent savings \u2014 every offer you see is tested and verified by our team. Our mission is simple: make online shopping rewarding for everyone. Stay connected through our newsletter and social platforms to&#8230;<\/p>","protected":false},"author":1,"featured_media":0,"parent":0,"menu_order":0,"comment_status":"closed","ping_status":"closed","template":"elementor_header_footer","meta":{"_monsterinsights_skip_tracking":false,"_monsterinsights_sitenote_active":false,"_monsterinsights_sitenote_note":"","_monsterinsights_sitenote_category":0,"footnotes":""},"class_list":["post-1260","page","type-page","status-publish","hentry"],"aioseo_notices":[],"_links":{"self":[{"href":"https:\/\/promotionrelease.com\/es\/wp-json\/wp\/v2\/pages\/1260","targetHints":{"allow":["GET"]}}],"collection":[{"href":"https:\/\/promotionrelease.com\/es\/wp-json\/wp\/v2\/pages"}],"about":[{"href":"https:\/\/promotionrelease.com\/es\/wp-json\/wp\/v2\/types\/page"}],"author":[{"embeddable":true,"href":"https:\/\/promotionrelease.com\/es\/wp-json\/wp\/v2\/users\/1"}],"replies":[{"embeddable":true,"href":"https:\/\/promotionrelease.com\/es\/wp-json\/wp\/v2\/comments?post=1260"}],"version-history":[{"count":0,"href":"https:\/\/promotionrelease.com\/es\/wp-json\/wp\/v2\/pages\/1260\/revisions"}],"wp:attachment":[{"href":"https:\/\/promotionrelease.com\/es\/wp-json\/wp\/v2\/media?parent=1260"}],"curies":[{"name":"wp","href":"https:\/\/api.w.org\/{rel}","templated":true}]}}