{"id":1254,"date":"2025-11-21T00:56:23","date_gmt":"2025-11-21T00:56:23","guid":{"rendered":"https:\/\/promotionrelease.com\/privacy-policy\/"},"modified":"2025-11-21T04:07:47","modified_gmt":"2025-11-21T04:07:47","slug":"privacy-policy","status":"publish","type":"page","link":"https:\/\/promotionrelease.com\/it\/privacy-policy\/","title":{"rendered":"Informativa sulla privacy"},"content":{"rendered":"<div data-elementor-type=\"wp-page\" data-elementor-id=\"1254\" class=\"elementor elementor-1254\" data-elementor-post-type=\"page\">\n\t\t\t\t<div class=\"elementor-element elementor-element-45bcde7e e-flex e-con-boxed e-con e-parent\" data-id=\"45bcde7e\" data-element_type=\"container\">\n\t\t\t\t\t<div class=\"e-con-inner\">\n\t\t\t\t<div class=\"elementor-element elementor-element-271db96b elementor-widget elementor-widget-text-editor\" data-id=\"271db96b\" data-element_type=\"widget\" data-widget_type=\"text-editor.default\">\n\t\t\t\t\t\t\t\t\tUltimo aggiornamento: 21 novembre 2025\t\t\t\t\t\t\t\t<\/div>\n\t\t\t\t<div class=\"elementor-element elementor-element-2f542821 elementor-widget elementor-widget-text-editor\" data-id=\"2f542821\" data-element_type=\"widget\" data-widget_type=\"text-editor.default\">\n\t\t\t\t\t\t\t\t\t<p class=\"text-muted mb-4 translation-block\">Promotionrelease si impegna a proteggere le informazioni personali degli utenti e a garantire un'esperienza di navigazione sicura. Ti invitiamo a dedicare qualche minuto alla lettura della presente Informativa sulla privacy per comprendere in che modo raccogliamo, utilizziamo e proteggiamo i tuoi dati quando visiti o interagisci con <span style=\"color: #000000\"><strong>Promotionrelease.com<\/strong><\/span>.<\/p><h4 class=\"fw-semibold text-dark mb-2\">1. Dati personali<\/h4><p class=\"text-muted mb-4\">Quando ti registri o ti iscrivi alla nostra newsletter, raccogliamo alcune informazioni limitate quali nome, indirizzo e-mail e preferenze. Questo ci aiuta a personalizzare le offerte e gli aggiornamenti per te. Le tue informazioni non vengono mai vendute o condivise con inserzionisti terzi.<\/p><h4 class=\"fw-semibold text-dark mb-2\">2. Dati di utilizzo e analisi<\/h4><p class=\"text-muted mb-4\">Il nostro sistema pu\u00f2 raccogliere automaticamente informazioni non identificabili quali il tipo di browser, i dettagli del dispositivo, l'indirizzo IP e le pagine visitate. Questo ci aiuta ad analizzare le prestazioni del sito e a migliorare l'esperienza dell'utente. I dati raccolti vengono utilizzati solo per analisi interne e monitoraggio della sicurezza.<\/p><h4 class=\"fw-semibold text-dark mb-2\">3. Cookie<\/h4><p class=\"text-muted mb-4\">Promotionrelease utilizza i cookie per migliorare la tua esperienza, ricordare le tue preferenze e misurare il tuo coinvolgimento. Puoi disabilitare i cookie nelle impostazioni del tuo browser, ma alcune funzionalit\u00e0 del nostro sito potrebbero non funzionare correttamente senza di essi.<\/p><h4 class=\"fw-semibold text-dark mb-2\">4. Newsletter e avvisi sulle offerte<\/h4><p class=\"text-muted mb-4\">Quando ti iscrivi alla nostra newsletter, potremmo inviarti aggiornamenti su nuovi coupon, offerte e promozioni di tendenza. Puoi annullare l'iscrizione in qualsiasi momento cliccando su \"Annulla iscrizione\" in qualsiasi e-mail o aggiornando le tue preferenze nelle impostazioni del tuo account.<\/p><h4 class=\"fw-semibold text-dark mb-2\">5. Link di terze parti<\/h4><p class=\"text-muted mb-4\">Il nostro sito web pu\u00f2 contenere link a negozi di terze parti o piattaforme affiliate. Si prega di notare che Promotionrelease non \u00e8 responsabile delle loro pratiche in materia di privacy. Si consiglia di consultare le loro politiche sulla privacy prima di condividere dati personali.<\/p><h4 class=\"fw-semibold text-dark mb-2\">6. Sicurezza dei dati<\/h4><p class=\"text-muted mb-4\">Implementiamo moderne tecnologie di crittografia e misure di sicurezza a livello di server per garantire che le tue informazioni rimangano riservate e protette da accessi o divulgazioni non autorizzati.<\/p><h4 class=\"fw-semibold text-dark mb-2\">7. Modifiche alla presente politica<\/h4><p class=\"text-muted mb-4\">La presente Informativa sulla privacy pu\u00f2 essere aggiornata di volta in volta per riflettere miglioramenti o modifiche normative. La versione pi\u00f9 recente sar\u00e0 sempre disponibile su questa pagina con la data di revisione.<\/p><h4 class=\"fw-semibold text-dark mb-2\">8. Contattaci<\/h4><p class=\"text-muted\">Se hai domande sulla nostra Informativa sulla privacy o sulle nostre pratiche relative ai dati, contatta il nostro team di assistenza all'indirizzo <a href=\"mailto:178656865@qq.com\">178656865@qq.com<\/a>.<\/p>\t\t\t\t\t\t\t\t<\/div>\n\t\t\t\t\t<\/div>\n\t\t\t\t<\/div>\n\t\t\t\t<\/div>","protected":false},"excerpt":{"rendered":"<p>Promotionrelease is committed to protecting your personal information and ensuring a safe browsing experience. Please take a few moments to read this Privacy Policy to understand how we collect, use, and safeguard your data when you visit or interact with Promotionrelease.com. 1. Personal Data We collect limited information such as your name, email address, and&#8230;<\/p>","protected":false},"author":1,"featured_media":0,"parent":0,"menu_order":0,"comment_status":"closed","ping_status":"closed","template":"elementor_header_footer","meta":{"_monsterinsights_skip_tracking":false,"_monsterinsights_sitenote_active":false,"_monsterinsights_sitenote_note":"","_monsterinsights_sitenote_category":0,"footnotes":""},"class_list":["post-1254","page","type-page","status-publish","hentry"],"aioseo_notices":[],"_links":{"self":[{"href":"https:\/\/promotionrelease.com\/it\/wp-json\/wp\/v2\/pages\/1254","targetHints":{"allow":["GET"]}}],"collection":[{"href":"https:\/\/promotionrelease.com\/it\/wp-json\/wp\/v2\/pages"}],"about":[{"href":"https:\/\/promotionrelease.com\/it\/wp-json\/wp\/v2\/types\/page"}],"author":[{"embeddable":true,"href":"https:\/\/promotionrelease.com\/it\/wp-json\/wp\/v2\/users\/1"}],"replies":[{"embeddable":true,"href":"https:\/\/promotionrelease.com\/it\/wp-json\/wp\/v2\/comments?post=1254"}],"version-history":[{"count":0,"href":"https:\/\/promotionrelease.com\/it\/wp-json\/wp\/v2\/pages\/1254\/revisions"}],"wp:attachment":[{"href":"https:\/\/promotionrelease.com\/it\/wp-json\/wp\/v2\/media?parent=1254"}],"curies":[{"name":"wp","href":"https:\/\/api.w.org\/{rel}","templated":true}]}}